{"id":349,"date":"2013-12-02T12:30:18","date_gmt":"2013-12-02T11:30:18","guid":{"rendered":"http:\/\/www.circle-of-hands.de\/?page_id=349"},"modified":"2021-03-29T18:11:04","modified_gmt":"2021-03-29T16:11:04","slug":"band-info-spanisch","status":"publish","type":"page","link":"https:\/\/www.circle-of-hands.de\/?page_id=349","title":{"rendered":"Informaci\u00f3n de la banda"},"content":{"rendered":"<p><b>Uriah Heep en versi\u00f3n original<br \/>\nCIRCLE OF HANDS<br \/>\n<\/b><br \/>\nDurante m\u00e1s de una d\u00e9cada hay para los fans del \u00a0grupo de rock brit\u00e1nico Uriah Heep, fundado en 1970, que ha vendido cerca de 40 millones de \u00e1lbumes en todo el mundo, una alternativa real.<a href=\"https:\/\/www.circle-of-hands.de\/wp-content\/uploads\/2013\/11\/945594_164252033742913_1553766995_n.jpg\"><img loading=\"lazy\" decoding=\"async\" class=\"alignright size-thumbnail wp-image-735\" src=\"https:\/\/www.circle-of-hands.de\/wp-content\/uploads\/2013\/11\/945594_164252033742913_1553766995_n-150x150.jpg\" alt=\"945594_164252033742913_1553766995_n\" width=\"150\" height=\"150\" srcset=\"https:\/\/www.circle-of-hands.de\/wp-content\/uploads\/2013\/11\/945594_164252033742913_1553766995_n-150x150.jpg 150w, https:\/\/www.circle-of-hands.de\/wp-content\/uploads\/2013\/11\/945594_164252033742913_1553766995_n-144x144.jpg 144w\" sizes=\"auto, (max-width: 150px) 100vw, 150px\" \/><\/a><br \/>\nMientras que los viejos rockeros \u00a0en el entorno del guitarrista Mick Box con sonido actualizado y arreglos suavizados siguen de gira por todo el mundo, permite CIRCLE OF HANDS, seguir el esp\u00edritu de los a\u00f1os 70 y las composiciones de Ken Hensley (Lady in Black, Free Me, Easy Livin &#8218;, etc) en su forma original. Adem\u00e1s, CoH se atreven a obras que no han tra\u00eddo los originales antes o durante d\u00e9cadas al \u00a0escenario.<\/p>\n<p><a href=\"https:\/\/www.circle-of-hands.de\/wp-content\/uploads\/2013\/11\/968969_164252303742886_1694643_n.jpg\"><img loading=\"lazy\" decoding=\"async\" class=\"alignleft size-thumbnail wp-image-742\" src=\"https:\/\/www.circle-of-hands.de\/wp-content\/uploads\/2013\/11\/968969_164252303742886_1694643_n-150x150.jpg\" alt=\"968969_164252303742886_1694643_n\" width=\"150\" height=\"150\" srcset=\"https:\/\/www.circle-of-hands.de\/wp-content\/uploads\/2013\/11\/968969_164252303742886_1694643_n-150x150.jpg 150w, https:\/\/www.circle-of-hands.de\/wp-content\/uploads\/2013\/11\/968969_164252303742886_1694643_n-144x144.jpg 144w\" sizes=\"auto, (max-width: 150px) 100vw, 150px\" \/><\/a>Uriah Heep saben apreciar absolutamente los m\u00e9ritos de los badener (habitantes de Baden). As\u00ed CoH ya toc\u00f3 en julio de 2004 en la \u00a0Bush Hall de Londres en el programa previo \u00a0de Uriah Heep. Conciertos en com\u00fan \u00a0con los antiguos miembros de la legendaria Uriah Heep (Ken Hensley, John Lawton, Lee Kerslake, Paul Newton), por ejemplo en 2009 en tres conciertos en Finlandia, y dos m\u00e1s \u00a0en 2012, 2008 en Granada \/ Espa\u00f1a en la Heepvention, en 2005 y 2007 en el legendario Sheepmarket \u00a0holand\u00e9s en Langbroek, entusiasmaban en los \u00faltimos a\u00f1os al p\u00falico.<br \/>\nEn 2007 CoH \u00a0tuvo su &#8220; mayor &#8220; concierto cuando di\u00f3 como uno de los mejores\u00a0 grupos en el Museo de Rock, en la torre ol\u00edmpica de M\u00fanich, un concierto con gran \u00e9xito .<br \/>\nEn los \u00faltimos a\u00f1os, CoH fu\u00e9 contratado de Uriah Heep Mastermind y la leyenda de teclado Ken Hensley, como grupo de acompa\u00f1amento muy competente, repetidamente para varios conciertos. Inolvidado sus actuaciones comunes \u00a0entre otras 2006 en la Waldb\u00fchne (tablas de bosque) en Homburg o 2009 en el festival &#8220; Rock im Reis&#8220; (Taunus).<br \/>\nPero incluso sin el apoyo prominente es la visita a un concierto CoH un viaje en el tiempo de tres horas, el cual\u00a0 los amantes del rock cl\u00e1sico no olvidar\u00e1n tan pronto,\u00a0 sea en el Open Air \u00a0como 2005 en el legendario Frankenberger Open Air en Aachen \u00a0ante 2000 fans o 2008, en Lucerna, Suiza.<\/p>\n<p>Para los clubs los chicos han compuesto y ensayado \u00a0un programa Unplugged bien atractivo, cual muestra impresionante que la m\u00fasica de Uriah Heep no suena s\u00f3lo bien en voz alta . De lo contrario, por supuesto, se esperan decibelios. No s\u00f3lo para los fan\u00e1ticos de Uriah Heep es una satisfacci\u00f3n , cuando Hammond y Leslie apuestan chillido, riffs de guitarra profundos y cantos de solistas se intercambian, bajo y bater\u00edas crean la presi\u00f3n de un secapelo gigantesco y por \u00a0encima una canci\u00f3n que de manera convincente al vocalista excepcional David Byron recuerda.<br \/>\nNo es de extra\u00f1ar que la leyenda alem\u00e1na de Krautrock Jane, se asegur\u00f3 la calidad de voz de CoH, del \u00a0cantante Torsten Ild. En el 2010 tuvier\u00f3n, juntos numerosas actuaciones\u00a0 m\u00e1s grab\u00f3 un CD y un DVD en vivo.<br \/>\nCoH suena exactamente como Uriah Heep en su etapa temprana, a la cual deben su fama mundial y cada disco que lanzaron fu\u00e9 inmediato premiado con el Disco de Oro. Ellos se preocupan con infinita devoci\u00f3n y gran \u00e9xito del legado \u00fanico de \u00a0Uriah Heep. El &#8222;Classic Rock Magazine&#8220; ingl\u00e9s ha ennoblecido CoH como &#8220; World`s leading Heep Tributeband\u201d.<\/p>\n<p><a href=\"https:\/\/www.circle-of-hands.de\/wp-content\/uploads\/2013\/11\/Edenkoben-21.jpg\"><img loading=\"lazy\" decoding=\"async\" class=\"alignleft size-thumbnail wp-image-176\" src=\"https:\/\/www.circle-of-hands.de\/wp-content\/uploads\/2013\/11\/Edenkoben-21-150x150.jpg\" alt=\"Edenkoben-21\" width=\"150\" height=\"150\" \/><\/a>Esto resulta cierto el an\u00e1lisis del bi\u00f3grafo- Heep Uwe Reuters, que el grupo \u201cinici\u00f3 la herencia leg\u00edtima musical de los se\u00f1ores Byron, Thain , Kerslake , Hensley y Box\u201d, sea &#8222;Uriah Heep &#8211; La pr\u00f3xima generaci\u00f3n &#8220; .<br \/>\nCon el CD &#8222;Legacy of Fantasy&#8220; (con el vocalista invitado John Lawton ) existe un impresionante documento sonoro, obtenible a traves de la homepage \u00a0www.circle &#8211; de &#8211; hands.de.<\/p>\n<p><strong>CIRCLE OF HANDS &#8211; Line up:<br \/>\n<\/strong><\/p>\n<ul>\n<li><strong>Reiner Nold &#8211; Guitars<\/strong><\/li>\n<li><strong>Torsten Ilg- Vocals<\/strong><\/li>\n<li><strong>Joachim Weiler &#8211; Keyboards<\/strong><\/li>\n<li><strong>Klaus Leppert &#8211; Drums<\/strong><\/li>\n<li><strong>Stefan Lange &#8211; Bass<\/strong><\/li>\n<\/ul>\n","protected":false},"excerpt":{"rendered":"<p>Uriah Heep en versi\u00f3n original CIRCLE OF HANDS Durante m\u00e1s de una d\u00e9cada hay para los fans del \u00a0grupo de rock brit\u00e1nico Uriah Heep, fundado en 1970, que ha vendido cerca de 40 millones de \u00e1lbumes en todo el mundo, una alternativa real. Mientras que los viejos rockeros \u00a0en el entorno del guitarrista Mick Box [&hellip;]<\/p>\n","protected":false},"author":1,"featured_media":0,"parent":102,"menu_order":3,"comment_status":"open","ping_status":"closed","template":"","meta":{"footnotes":""},"class_list":["post-349","page","type-page","status-publish","hentry"],"_links":{"self":[{"href":"https:\/\/www.circle-of-hands.de\/index.php?rest_route=\/wp\/v2\/pages\/349","targetHints":{"allow":["GET"]}}],"collection":[{"href":"https:\/\/www.circle-of-hands.de\/index.php?rest_route=\/wp\/v2\/pages"}],"about":[{"href":"https:\/\/www.circle-of-hands.de\/index.php?rest_route=\/wp\/v2\/types\/page"}],"author":[{"embeddable":true,"href":"https:\/\/www.circle-of-hands.de\/index.php?rest_route=\/wp\/v2\/users\/1"}],"replies":[{"embeddable":true,"href":"https:\/\/www.circle-of-hands.de\/index.php?rest_route=%2Fwp%2Fv2%2Fcomments&post=349"}],"version-history":[{"count":17,"href":"https:\/\/www.circle-of-hands.de\/index.php?rest_route=\/wp\/v2\/pages\/349\/revisions"}],"predecessor-version":[{"id":84904,"href":"https:\/\/www.circle-of-hands.de\/index.php?rest_route=\/wp\/v2\/pages\/349\/revisions\/84904"}],"up":[{"embeddable":true,"href":"https:\/\/www.circle-of-hands.de\/index.php?rest_route=\/wp\/v2\/pages\/102"}],"wp:attachment":[{"href":"https:\/\/www.circle-of-hands.de\/index.php?rest_route=%2Fwp%2Fv2%2Fmedia&parent=349"}],"curies":[{"name":"wp","href":"https:\/\/api.w.org\/{rel}","templated":true}]}}