{"id":347,"date":"2013-12-02T12:30:06","date_gmt":"2013-12-02T11:30:06","guid":{"rendered":"http:\/\/www.circle-of-hands.de\/?page_id=347"},"modified":"2021-03-29T18:10:49","modified_gmt":"2021-03-29T16:10:49","slug":"band-info-franzoesisch","status":"publish","type":"page","link":"https:\/\/www.circle-of-hands.de\/?page_id=347","title":{"rendered":"Groupe info en fran\u00e7ais"},"content":{"rendered":"<p><a href=\"https:\/\/www.circle-of-hands.de\/wp-content\/uploads\/2013\/12\/flagge-frankreich1.jpg\"><img loading=\"lazy\" decoding=\"async\" class=\"alignleft size-full wp-image-352\" src=\"https:\/\/www.circle-of-hands.de\/wp-content\/uploads\/2013\/12\/flagge-frankreich1.jpg\" alt=\"flagge-frankreich1\" width=\"39\" height=\"24\" \/><\/a><\/p>\n<p><strong>Personne ne peut nier que plus d&#8217;une d\u00e9cennie on a une v\u00e9ritable alternative pour les fans du groupe de rock britannique URIAH HEEP. Ce groupe qui est fond\u00e9 en 1970 et a vendu pr\u00e8s de 40 millions d&#8217;albums dans le monde entier. Cette v\u00e9ritable alternative s\u2019appelle CIRCLE OF HANDS. En effet, CIRCLE OF HANDS ont pour objectif de faire saisir l&#8217;esprit des ann\u00e9es 70 et de comprendre l\u2019exp\u00e9rience des compositions de KEN HENSLEY ( Lady In Black, Free Me, Easy Livin &#8218;) dans sa forme originale.<\/strong><\/p>\n<p><a href=\"https:\/\/www.circle-of-hands.de\/wp-content\/uploads\/2013\/11\/02.jpg\"><img loading=\"lazy\" decoding=\"async\" class=\"alignleft size-thumbnail wp-image-312\" title=\"Edenkoben Freidensdenkmal 2011\" src=\"https:\/\/www.circle-of-hands.de\/wp-content\/uploads\/2013\/11\/02-150x150.jpg\" alt=\"Edenkoben Freidensdenkmal 2011\" width=\"150\" height=\"150\" \/><\/a>En outre, CIRCLE OF HANDS osent de jouer des \u0153uvres m\u00eame les originaux n&#8217;ont pas apport\u00e9 sur la sc\u00e8ne pendant des d\u00e9cennies. CIRCLE OF HANDS ont d\u00e9j\u00e0 jou\u00e9 au Bush Hall \u00e0 Londres. Ils ont fait l\u2019ouverture de spectacle pour URIAH HEEP. De plus ils ont travaill\u00e9s des concerts communs avec d&#8217;anciens membres de la l\u00e9gendaire URIAH HEEP (KEN HENSLEY, JOHN LAWTON, LEE KERSLAKE, PAUL NEWTON).<\/p>\n<p>En 2009 \u00e0 titre d\u2019exemple ils ont particip\u00e9s \u00e0 trois concerts en Finlande et aussi en 2012, \u00e0 Grenade, en Espagne sur la Heepvention, sur le l\u00e9gendaire n\u00e9erlandais \u00abMarch\u00e9 de Moutons\u00bb dans Langbroek et Apeldoorn etc. En 2007 CIRCLE OF HANDS ont leur concert &#8220; le plus \u00e9lev\u00e9 &#8220; dans le Mus\u00e9e de Rock dans la tour olympique de Munich \u00e9tait un spectacle inoubliable. Bref, CIRCLE OF HANDS divertis le public du rock au cours des derni\u00e8res ann\u00e9es. En effet, ils \u00e9taient toujours r\u00e9serv\u00e9s pour des dizaines de spectacles comme \u00e9tant un compagnon comp\u00e9tent de URIAH HEEP. Inoubliable \u00e9tait leurs performances conjointes &#8211; entre autres &#8211; 2006 au Stade de la For\u00eat \u00e0 Homburg ou 2009 au festival &#8222;Rock en Riz&#8220; (Taunus).<\/p>\n<figure id=\"attachment_288\" aria-describedby=\"caption-attachment-288\" style=\"width: 150px\" class=\"wp-caption alignright\"><a href=\"https:\/\/www.circle-of-hands.de\/wp-content\/uploads\/2013\/11\/6062_10151172383786281_1664610436_n.jpg\"><img loading=\"lazy\" decoding=\"async\" class=\"size-thumbnail wp-image-288\" src=\"https:\/\/www.circle-of-hands.de\/wp-content\/uploads\/2013\/11\/6062_10151172383786281_1664610436_n-150x150.jpg\" alt=\"Salo Finnland 2012\" width=\"150\" height=\"150\" \/><\/a><figcaption id=\"caption-attachment-288\" class=\"wp-caption-text\">Salo Finnland 2012<\/figcaption><\/figure>\n<p>Mais m\u00eame sans le \u00e9minent soutien consulter un concert de CIRCLE OF HANDS est un voyage de trois heures, que les amateurs de rock classique gardent en m\u00e9moire longtemps, il \u00e9tait \u00e0 l&#8217;air libre, comme sur le l\u00e9gendaire Frankenberger Open Air \u00e0 Aachen avant 2000 fanas ou \u00e0 Lucerne, en Suisse. Pour les clubs les garcons ont mis emsemble et \u00e9tudi\u00e9 un programme attractif \u00abunplugged\u00bb. Cela prouve impressionnantement que la musique de URIAH HEEP fonctionne bien, non seulement fort. Sinon, bien s\u00fbr, on doit attendre d\u00e9cibels. Non seulement pour les fans de URIAH HEEP, c&#8217;est un service complet, quand Hammond et Leslie cri de race, de riffs de guitare gras et chant solos alternent, cr\u00e9ent la pression d&#8217;une basse surdimensionn\u00e9 de s\u00e8che-cheveux et de la batterie et est un chant que convaincrantement rappelle \u00e0 la chanteur exceptionnelle DAVID BYRON.<a href=\"https:\/\/www.circle-of-hands.de\/wp-content\/uploads\/2013\/11\/COH-Friedensdenkmal-Edenkoben-13.8.2011-2011-08-13-031.jpg\"><img loading=\"lazy\" decoding=\"async\" class=\"alignright size-thumbnail wp-image-314\" src=\"https:\/\/www.circle-of-hands.de\/wp-content\/uploads\/2013\/11\/COH-Friedensdenkmal-Edenkoben-13.8.2011-2011-08-13-031-150x150.jpg\" alt=\"Edenkoben Freidensdenkmal 2011\" width=\"150\" height=\"150\" \/><\/a><\/p>\n<p>CIRCLE OF HANDS sonnent exactement comme URIAH HEEP dans leur stade pr\u00e9coce, dont ils URIAH HEEP doivent leur renomm\u00e9e mondiale et dans laquelle chaque disque a \u00e9t\u00e9 promptement dor\u00e9e. CIRCLE OF HANDS prennent soin avec un d\u00e9vouement sans fin et beaucoup de succ\u00e8s \u00e0 l&#8217;h\u00e9ritage unique de URIAH HEEP.<br \/>\nL\u2019anglais &#8222;Rock Magazine Classic&#8220; a anobli CIRCLE OF HANDS en tant que \u00abThe world\u2019s leading Heep tribute band\u00bb.<br \/>\nL&#8217;analyse du biographeur de Heep Uwe Reuters s&#8217;av\u00e8re vrai, le groupe avait \u00abun h\u00e9ritage musical l\u00e9gitime des ma\u00eetres BYRON, THAIN, KERSLAKE, HENSLEY et BOX\u00bb, soit \u00abURIAH HEEP &#8211; la prochaine g\u00e9n\u00e9ration\u00bb. Avec le CD \u00abLegacy of Fantasy\u00bb (avec le chanteur invit\u00e9 JOHN LAWTON), il existe un document sonore impressionnant \u2013 \u00e0 percevoir \u00e0 la page d&#8217;accueil www.circle-de-hands.de.<\/p>\n<p><strong>CIRCLE OF HANDS &#8211; Line up:<br \/>\n<\/strong><\/p>\n<ul>\n<li><strong>Reiner Nold &#8211; Guitars<\/strong><\/li>\n<li><strong>Torsten Ilg- Vocals<\/strong><\/li>\n<li><strong>Joachim Weiler &#8211; Keyboards<\/strong><\/li>\n<li><strong>Klaus Leppert &#8211; Drums<\/strong><\/li>\n<li><strong>Stefan Lange &#8211; Bass<\/strong><\/li>\n<\/ul>\n<p style=\"text-align: center;\">\n","protected":false},"excerpt":{"rendered":"<p>Personne ne peut nier que plus d&#8217;une d\u00e9cennie on a une v\u00e9ritable alternative pour les fans du groupe de rock britannique URIAH HEEP. Ce groupe qui est fond\u00e9 en 1970 et a vendu pr\u00e8s de 40 millions d&#8217;albums dans le monde entier. Cette v\u00e9ritable alternative s\u2019appelle CIRCLE OF HANDS. En effet, CIRCLE OF HANDS ont [&hellip;]<\/p>\n","protected":false},"author":1,"featured_media":0,"parent":102,"menu_order":2,"comment_status":"open","ping_status":"closed","template":"","meta":{"footnotes":""},"class_list":["post-347","page","type-page","status-publish","hentry"],"_links":{"self":[{"href":"https:\/\/www.circle-of-hands.de\/index.php?rest_route=\/wp\/v2\/pages\/347","targetHints":{"allow":["GET"]}}],"collection":[{"href":"https:\/\/www.circle-of-hands.de\/index.php?rest_route=\/wp\/v2\/pages"}],"about":[{"href":"https:\/\/www.circle-of-hands.de\/index.php?rest_route=\/wp\/v2\/types\/page"}],"author":[{"embeddable":true,"href":"https:\/\/www.circle-of-hands.de\/index.php?rest_route=\/wp\/v2\/users\/1"}],"replies":[{"embeddable":true,"href":"https:\/\/www.circle-of-hands.de\/index.php?rest_route=%2Fwp%2Fv2%2Fcomments&post=347"}],"version-history":[{"count":8,"href":"https:\/\/www.circle-of-hands.de\/index.php?rest_route=\/wp\/v2\/pages\/347\/revisions"}],"predecessor-version":[{"id":84903,"href":"https:\/\/www.circle-of-hands.de\/index.php?rest_route=\/wp\/v2\/pages\/347\/revisions\/84903"}],"up":[{"embeddable":true,"href":"https:\/\/www.circle-of-hands.de\/index.php?rest_route=\/wp\/v2\/pages\/102"}],"wp:attachment":[{"href":"https:\/\/www.circle-of-hands.de\/index.php?rest_route=%2Fwp%2Fv2%2Fmedia&parent=347"}],"curies":[{"name":"wp","href":"https:\/\/api.w.org\/{rel}","templated":true}]}}