{"id":236,"date":"2013-11-27T14:48:08","date_gmt":"2013-11-27T13:48:08","guid":{"rendered":"http:\/\/www.circle-of-hands.de\/?page_id=236"},"modified":"2025-03-07T18:08:02","modified_gmt":"2025-03-07T17:08:02","slug":"news","status":"publish","type":"page","link":"https:\/\/www.circle-of-hands.de\/?page_id=236","title":{"rendered":"News"},"content":{"rendered":"\n<h3 class=\"wp-block-heading\">Rock am Friedensdenkmal Edenkoben 2022<\/h3>\n\n\n\n<p>Nach zwei Jahren Corona und nur einem Gig 2021 gibt es uns aber immer noch ;o)<\/p>\n\n\n\n<p>Edenkoben war mal wieder der Kracher, super Team, klasse Veranstalter und einen ganz gro\u00dfen Dank an &#8222;Andreas K\u00f6nig&#8220; an den Tasten f\u00fcr deine Unterst\u00fctzung!<\/p>\n\n\n\n<figure class=\"wp-block-gallery has-nested-images columns-default is-cropped wp-block-gallery-1 is-layout-flex wp-block-gallery-is-layout-flex\">\n<figure class=\"wp-block-image size-large\"><img loading=\"lazy\" decoding=\"async\" width=\"2560\" height=\"1440\" data-id=\"84965\" src=\"https:\/\/www.circle-of-hands.de\/wp-content\/uploads\/2022\/09\/20220812_212508-scaled.jpg\" alt=\"\" class=\"wp-image-84965\" srcset=\"https:\/\/www.circle-of-hands.de\/wp-content\/uploads\/2022\/09\/20220812_212508-scaled.jpg 2560w, https:\/\/www.circle-of-hands.de\/wp-content\/uploads\/2022\/09\/20220812_212508-300x169.jpg 300w, https:\/\/www.circle-of-hands.de\/wp-content\/uploads\/2022\/09\/20220812_212508-1024x576.jpg 1024w, https:\/\/www.circle-of-hands.de\/wp-content\/uploads\/2022\/09\/20220812_212508-768x432.jpg 768w, https:\/\/www.circle-of-hands.de\/wp-content\/uploads\/2022\/09\/20220812_212508-1536x864.jpg 1536w, https:\/\/www.circle-of-hands.de\/wp-content\/uploads\/2022\/09\/20220812_212508-2048x1152.jpg 2048w\" sizes=\"auto, (max-width: 2560px) 100vw, 2560px\" \/><\/figure>\n\n\n\n<figure class=\"wp-block-image size-large\"><img loading=\"lazy\" decoding=\"async\" width=\"1080\" height=\"720\" data-id=\"84964\" src=\"https:\/\/www.circle-of-hands.de\/wp-content\/uploads\/2022\/09\/FB_IMG_1660429171525.jpg\" alt=\"\" class=\"wp-image-84964\" srcset=\"https:\/\/www.circle-of-hands.de\/wp-content\/uploads\/2022\/09\/FB_IMG_1660429171525.jpg 1080w, https:\/\/www.circle-of-hands.de\/wp-content\/uploads\/2022\/09\/FB_IMG_1660429171525-300x200.jpg 300w, https:\/\/www.circle-of-hands.de\/wp-content\/uploads\/2022\/09\/FB_IMG_1660429171525-1024x683.jpg 1024w, https:\/\/www.circle-of-hands.de\/wp-content\/uploads\/2022\/09\/FB_IMG_1660429171525-768x512.jpg 768w\" sizes=\"auto, (max-width: 1080px) 100vw, 1080px\" \/><\/figure>\n\n\n\n<figure class=\"wp-block-image size-large\"><img loading=\"lazy\" decoding=\"async\" width=\"2560\" height=\"1244\" data-id=\"84967\" src=\"https:\/\/www.circle-of-hands.de\/wp-content\/uploads\/2022\/09\/20220812_204710-scaled.jpg\" alt=\"\" class=\"wp-image-84967\" srcset=\"https:\/\/www.circle-of-hands.de\/wp-content\/uploads\/2022\/09\/20220812_204710-scaled.jpg 2560w, https:\/\/www.circle-of-hands.de\/wp-content\/uploads\/2022\/09\/20220812_204710-300x146.jpg 300w, https:\/\/www.circle-of-hands.de\/wp-content\/uploads\/2022\/09\/20220812_204710-1024x498.jpg 1024w, https:\/\/www.circle-of-hands.de\/wp-content\/uploads\/2022\/09\/20220812_204710-768x373.jpg 768w, https:\/\/www.circle-of-hands.de\/wp-content\/uploads\/2022\/09\/20220812_204710-1536x747.jpg 1536w, https:\/\/www.circle-of-hands.de\/wp-content\/uploads\/2022\/09\/20220812_204710-2048x996.jpg 2048w\" sizes=\"auto, (max-width: 2560px) 100vw, 2560px\" \/><\/figure>\n\n\n\n<figure class=\"wp-block-image size-large\"><img loading=\"lazy\" decoding=\"async\" width=\"2560\" height=\"1440\" data-id=\"84961\" src=\"https:\/\/www.circle-of-hands.de\/wp-content\/uploads\/2022\/09\/20220812_212459-scaled.jpg\" alt=\"\" class=\"wp-image-84961\" srcset=\"https:\/\/www.circle-of-hands.de\/wp-content\/uploads\/2022\/09\/20220812_212459-scaled.jpg 2560w, https:\/\/www.circle-of-hands.de\/wp-content\/uploads\/2022\/09\/20220812_212459-300x169.jpg 300w, https:\/\/www.circle-of-hands.de\/wp-content\/uploads\/2022\/09\/20220812_212459-1024x576.jpg 1024w, https:\/\/www.circle-of-hands.de\/wp-content\/uploads\/2022\/09\/20220812_212459-768x432.jpg 768w, https:\/\/www.circle-of-hands.de\/wp-content\/uploads\/2022\/09\/20220812_212459-1536x864.jpg 1536w, https:\/\/www.circle-of-hands.de\/wp-content\/uploads\/2022\/09\/20220812_212459-2048x1152.jpg 2048w\" sizes=\"auto, (max-width: 2560px) 100vw, 2560px\" \/><\/figure>\n<figcaption class=\"blocks-gallery-caption wp-element-caption\">Roch am Freidensdenkmal 2022<\/figcaption><\/figure>\n\n\n\n<p><\/p>\n\n\n<div class=\"wp-block-image is-style-default\">\n<figure class=\"aligncenter size-large\"><img loading=\"lazy\" decoding=\"async\" width=\"300\" height=\"75\" src=\"https:\/\/www.circle-of-hands.de\/wp-content\/uploads\/2020\/02\/logo.png\" alt=\"\" class=\"wp-image-84841\"\/><figcaption class=\"wp-element-caption\"> <br> <strong>9.05.2020<\/strong> <strong>Circle Of Hands<\/strong>, &#8222;<strong>Crowded House<\/strong>&#8220; Otto-Roelen-Str. 1, 46147 Oberhausen <br>http:\/\/www.crowdedhouse.de\/foerderverein\/ <\/figcaption><\/figure>\n<\/div>\n\n\n<p class=\"has-text-align-center\"><strong>Circle Of Hands<\/strong> join the HeepVention 2020,  <strong>Date: 22-23.5.2020<\/strong> <\/p>\n\n\n<div class=\"wp-block-image is-style-default\">\n<figure class=\"aligncenter size-large\"><img loading=\"lazy\" decoding=\"async\" width=\"1181\" height=\"638\" src=\"https:\/\/i1.wp.com\/www.circle-of-hands.de\/wp-content\/uploads\/2020\/02\/HeepVention_logo_20_pieni-2.jpg?fit=700%2C378\" alt=\"\" class=\"wp-image-84821\" srcset=\"https:\/\/www.circle-of-hands.de\/wp-content\/uploads\/2020\/02\/HeepVention_logo_20_pieni-2.jpg 1181w, https:\/\/www.circle-of-hands.de\/wp-content\/uploads\/2020\/02\/HeepVention_logo_20_pieni-2-300x162.jpg 300w, https:\/\/www.circle-of-hands.de\/wp-content\/uploads\/2020\/02\/HeepVention_logo_20_pieni-2-1024x553.jpg 1024w, https:\/\/www.circle-of-hands.de\/wp-content\/uploads\/2020\/02\/HeepVention_logo_20_pieni-2-768x415.jpg 768w\" sizes=\"auto, (max-width: 1181px) 100vw, 1181px\" \/><\/figure>\n<\/div>\n\n\n<p><strong>Date: 22-23.5.2020<\/strong><\/p>\n\n\n\n<p> <strong>Location: M\u00f6ys\u00e4n musaklubi<\/strong> <\/p>\n\n\n\n<p><\/p>\n\n\n\n<p><strong>City: Lahti<\/strong><\/p>\n\n\n\n<p><strong>Country: Finland<\/strong><\/p>\n\n\n\n<p><strong>Contact and information:<\/strong><\/p>\n\n\n\n<p><strong><a rel=\"noreferrer noopener\" href=\"mailto:info@uriah-heep.fi\" target=\"_blank\">info@uriah-heep.fi<\/a><\/strong><\/p>\n\n\n\n<figure class=\"wp-block-embed-wordpress wp-block-embed is-type-wp-embed is-provider-uriah-heep-suomi-finland-ry\"><div class=\"wp-block-embed__wrapper\">\nhttps:\/\/uriah-heep.fi\/heepvention-2020\/\n<\/div><\/figure>\n\n\n\n<p><\/p>\n\n\n\n<h2 class=\"wp-block-heading\">Arrow Festival Zwolle<\/h2>\n\n\n<div class=\"wp-block-image is-style-default\">\n<figure class=\"aligncenter size-large\"><img loading=\"lazy\" decoding=\"async\" width=\"1080\" height=\"624\" src=\"https:\/\/i1.wp.com\/www.circle-of-hands.de\/wp-content\/uploads\/2020\/01\/82751025_2740841112701572_4739265973255667712_o.jpg?fit=700%2C405\" alt=\"\" class=\"wp-image-84812\" srcset=\"https:\/\/www.circle-of-hands.de\/wp-content\/uploads\/2020\/01\/82751025_2740841112701572_4739265973255667712_o.jpg 1080w, https:\/\/www.circle-of-hands.de\/wp-content\/uploads\/2020\/01\/82751025_2740841112701572_4739265973255667712_o-300x173.jpg 300w, https:\/\/www.circle-of-hands.de\/wp-content\/uploads\/2020\/01\/82751025_2740841112701572_4739265973255667712_o-1024x592.jpg 1024w, https:\/\/www.circle-of-hands.de\/wp-content\/uploads\/2020\/01\/82751025_2740841112701572_4739265973255667712_o-768x444.jpg 768w\" sizes=\"auto, (max-width: 1080px) 100vw, 1080px\" \/><\/figure>\n<\/div>\n\n\n<figure class=\"wp-block-embed is-type-video is-provider-facebook wp-block-embed-facebook\"><div class=\"wp-block-embed__wrapper\">\nhttps:\/\/www.facebook.com\/reiner.nold\/videos\/2947170135302577\n<\/div><\/figure>\n\n\n\n<figure class=\"wp-block-embed is-type-video is-provider-facebook wp-block-embed-facebook\"><div class=\"wp-block-embed__wrapper\">\nhttps:\/\/www.facebook.com\/457402051045501\/videos\/2904996136179977\n<\/div><\/figure>\n\n\n\n<h2 class=\"wp-block-heading\">Spenden\u00fcbergabe<\/h2>\n\n\n<div class=\"wp-block-image is-style-default\">\n<figure class=\"aligncenter size-large\"><img loading=\"lazy\" decoding=\"async\" width=\"1600\" height=\"1200\" src=\"https:\/\/i1.wp.com\/www.circle-of-hands.de\/wp-content\/uploads\/2020\/01\/IMG-20200117-WA0013.jpg?fit=700%2C525\" alt=\"\" class=\"wp-image-84809\" srcset=\"https:\/\/www.circle-of-hands.de\/wp-content\/uploads\/2020\/01\/IMG-20200117-WA0013.jpg 1600w, https:\/\/www.circle-of-hands.de\/wp-content\/uploads\/2020\/01\/IMG-20200117-WA0013-300x225.jpg 300w, https:\/\/www.circle-of-hands.de\/wp-content\/uploads\/2020\/01\/IMG-20200117-WA0013-1024x768.jpg 1024w, https:\/\/www.circle-of-hands.de\/wp-content\/uploads\/2020\/01\/IMG-20200117-WA0013-768x576.jpg 768w, https:\/\/www.circle-of-hands.de\/wp-content\/uploads\/2020\/01\/IMG-20200117-WA0013-1536x1152.jpg 1536w\" sizes=\"auto, (max-width: 1600px) 100vw, 1600px\" \/><\/figure>\n<\/div>\n\n<div class=\"wp-block-image is-style-default\">\n<figure class=\"aligncenter size-large\"><img loading=\"lazy\" decoding=\"async\" width=\"900\" height=\"1600\" src=\"https:\/\/i0.wp.com\/www.circle-of-hands.de\/wp-content\/uploads\/2020\/01\/IMG-20200124-WA0000.jpg?fit=576%2C1024\" alt=\"\" class=\"wp-image-84810\" srcset=\"https:\/\/www.circle-of-hands.de\/wp-content\/uploads\/2020\/01\/IMG-20200124-WA0000.jpg 900w, https:\/\/www.circle-of-hands.de\/wp-content\/uploads\/2020\/01\/IMG-20200124-WA0000-169x300.jpg 169w, https:\/\/www.circle-of-hands.de\/wp-content\/uploads\/2020\/01\/IMG-20200124-WA0000-576x1024.jpg 576w, https:\/\/www.circle-of-hands.de\/wp-content\/uploads\/2020\/01\/IMG-20200124-WA0000-768x1365.jpg 768w, https:\/\/www.circle-of-hands.de\/wp-content\/uploads\/2020\/01\/IMG-20200124-WA0000-864x1536.jpg 864w\" sizes=\"auto, (max-width: 900px) 100vw, 900px\" \/><\/figure>\n<\/div>\n\n\n<p>Sch\u00f6ner Bericht vom Samstag 23.11.2019 in Michelbach.<\/p>\n\n\n\n<p>Unser Dank an das BT f\u00fcr die gelungene Berichterstattung.<\/p>\n\n\n<div class=\"wp-block-image is-style-default\">\n<figure class=\"aligncenter\"><img loading=\"lazy\" decoding=\"async\" width=\"1600\" height=\"900\" src=\"https:\/\/www.circle-of-hands.de\/wp-content\/uploads\/2019\/11\/BT-26.11.2019-2.jpg\" alt=\"\" class=\"wp-image-84773\" srcset=\"https:\/\/www.circle-of-hands.de\/wp-content\/uploads\/2019\/11\/BT-26.11.2019-2.jpg 1600w, https:\/\/www.circle-of-hands.de\/wp-content\/uploads\/2019\/11\/BT-26.11.2019-2-300x169.jpg 300w, https:\/\/www.circle-of-hands.de\/wp-content\/uploads\/2019\/11\/BT-26.11.2019-2-1024x576.jpg 1024w, https:\/\/www.circle-of-hands.de\/wp-content\/uploads\/2019\/11\/BT-26.11.2019-2-768x432.jpg 768w, https:\/\/www.circle-of-hands.de\/wp-content\/uploads\/2019\/11\/BT-26.11.2019-2-1536x864.jpg 1536w\" sizes=\"auto, (max-width: 1600px) 100vw, 1600px\" \/><\/figure>\n<\/div>\n\n\n<p><strong>25. January 2020 Zwolle (NL)<\/strong><\/p>\n\n\n<div class=\"wp-block-image\">\n<figure class=\"aligncenter is-resized\"><img loading=\"lazy\" decoding=\"async\" width=\"776\" height=\"1024\" src=\"https:\/\/www.circle-of-hands.de\/wp-content\/uploads\/2019\/09\/IMG_20190925_123849-776x1024.png\" alt=\"\" class=\"wp-image-84686\" style=\"width:286px;height:auto\" srcset=\"https:\/\/www.circle-of-hands.de\/wp-content\/uploads\/2019\/09\/IMG_20190925_123849-776x1024.png 776w, https:\/\/www.circle-of-hands.de\/wp-content\/uploads\/2019\/09\/IMG_20190925_123849-227x300.png 227w, https:\/\/www.circle-of-hands.de\/wp-content\/uploads\/2019\/09\/IMG_20190925_123849-768x1013.png 768w, https:\/\/www.circle-of-hands.de\/wp-content\/uploads\/2019\/09\/IMG_20190925_123849.png 1080w\" sizes=\"auto, (max-width: 776px) 100vw, 776px\" \/><figcaption class=\"wp-element-caption\">\/<a href=\"https:\/\/arrowrockfestival.com\/\">https:\/\/arrowrockfestival.com\/<\/a><\/figcaption><\/figure>\n<\/div>\n\n<div class=\"wp-block-image\">\n<figure class=\"aligncenter is-resized\"><img loading=\"lazy\" decoding=\"async\" width=\"465\" height=\"375\" src=\"https:\/\/www.circle-of-hands.de\/wp-content\/uploads\/2019\/09\/freitag_2020.jpg\" alt=\"\" class=\"wp-image-84644\" style=\"width:283px;height:auto\" srcset=\"https:\/\/www.circle-of-hands.de\/wp-content\/uploads\/2019\/09\/freitag_2020.jpg 465w, https:\/\/www.circle-of-hands.de\/wp-content\/uploads\/2019\/09\/freitag_2020-300x242.jpg 300w\" sizes=\"auto, (max-width: 465px) 100vw, 465px\" \/><\/figure>\n<\/div>\n\n<div class=\"wp-block-image\">\n<figure class=\"aligncenter is-resized\"><img loading=\"lazy\" decoding=\"async\" width=\"622\" height=\"879\" src=\"https:\/\/www.circle-of-hands.de\/wp-content\/uploads\/2019\/09\/Michelbach.jpg\" alt=\"\" class=\"wp-image-84666\" style=\"width:298px;height:auto\" srcset=\"https:\/\/www.circle-of-hands.de\/wp-content\/uploads\/2019\/09\/Michelbach.jpg 622w, https:\/\/www.circle-of-hands.de\/wp-content\/uploads\/2019\/09\/Michelbach-212x300.jpg 212w\" sizes=\"auto, (max-width: 622px) 100vw, 622px\" \/><figcaption class=\"wp-element-caption\">Helf mit und komm vorbei&#8230;&#8230;&#8230;. ;o)<\/figcaption><\/figure>\n<\/div>\n\n\n<p><\/p>\n\n\n\n<p><strong>Neue Termine f\u00fcr 2020<\/strong> <\/p>\n\n\n\n<p><strong>09.05.2020<\/strong> Circle Of Hands, \u201eCrowded House\u201c Otto-Roelen-Str. 1, 46147 Oberhausen<\/p>\n\n\n\n<p><strong>14.08.2020<\/strong> Circle Of Hands, \u201eRock am Friedensdenkmal\u201c Auf dem Werderberg 1, 67480 Edenkoben  *(Bilder vom  13.08.2011)* &nbsp; <\/p>\n\n\n\n<p>Nachdem wir am 13.08.2011 schon einmal zu Gast waren, freut es uns \numso mehr, wieder mit dabei seien zu d\u00fcrfen. Als Top Act steht nach uns \nWe Salute You \u2013 World\u2019s biggest tribute to AC\/DC auf der B\u00fchne. 70% der \nKarten f\u00fcr 2020 sind schon weg. Wer noch keine hat sollte sich schnell \ndarum k\u00fcmmern. Das Konzert am Friedensdenkmal ist immer ein ganz \nbesonderes Erlebnis. Es ist das GR\u00d6SSTE Openair-Rockkonzert der Pfalz!! \n Durch die Light- und Pyroshow wird das Denkmal jedes Jahr wieder aufs \nNeue zu einem unvergesslichen Schauplatz. <\/p>\n\n\n\n<p> Veranstalter ist \u201e<strong>Rock am Friedensdenkmal e.V<\/strong>.\u201c, \nein Verein, der sich  aus zehn Mitgliedern der SVE ( Spielvereinigung \nEdenkoben ) zusammensetzt und sich vorgenommen hat,  jedes Jahr die \nBesucher mit und f\u00fcr Rockmusik zu begeistern. <\/p>\n\n\n\n<p>Tickets zum Preis von 24,90\u20ac gibt\u2019s hier:<\/p>\n\n\n\n<p><a href=\"https:\/\/www.rock-am-friedensdenkmal.de\/#subpage-4\">https:\/\/www.rock-am-friedensdenkmal.de\/#subpage-4<\/a><\/p>\n\n\n\n<p><br><\/p>\n\n\n\n<p><strong>Circle Of Hands feat. Paul Newton (Uriah Heep)  <br><\/strong><em><strong>Musikpark Homburg<\/strong><\/em><strong> am 04.05.2019 <\/strong><\/p>\n\n\n<div class=\"wp-block-image\">\n<figure class=\"aligncenter is-resized\"><img loading=\"lazy\" decoding=\"async\" width=\"1024\" height=\"683\" src=\"https:\/\/www.circle-of-hands.de\/wp-content\/uploads\/2019\/04\/COH-Bearbeitet-4-0037-3-1024x683.jpg\" alt=\"\" class=\"wp-image-82278\" style=\"width:684px;height:auto\" srcset=\"https:\/\/www.circle-of-hands.de\/wp-content\/uploads\/2019\/04\/COH-Bearbeitet-4-0037-3-1024x683.jpg 1024w, https:\/\/www.circle-of-hands.de\/wp-content\/uploads\/2019\/04\/COH-Bearbeitet-4-0037-3-300x200.jpg 300w, https:\/\/www.circle-of-hands.de\/wp-content\/uploads\/2019\/04\/COH-Bearbeitet-4-0037-3-768x512.jpg 768w\" sizes=\"auto, (max-width: 1024px) 100vw, 1024px\" \/><\/figure>\n<\/div>\n\n<div class=\"wp-block-image\">\n<figure class=\"aligncenter\"><img loading=\"lazy\" decoding=\"async\" width=\"684\" height=\"1024\" src=\"https:\/\/www.circle-of-hands.de\/wp-content\/uploads\/2016\/10\/DSC_9216-684x1024-684x1024.jpg\" alt=\"\" class=\"wp-image-2127\" srcset=\"https:\/\/www.circle-of-hands.de\/wp-content\/uploads\/2016\/10\/DSC_9216-684x1024.jpg 684w, https:\/\/www.circle-of-hands.de\/wp-content\/uploads\/2016\/10\/DSC_9216-684x1024-200x300.jpg 200w\" sizes=\"auto, (max-width: 684px) 100vw, 684px\" \/><figcaption class=\"wp-element-caption\">+<\/figcaption><\/figure>\n<\/div>\n\n\n<ul class=\"wp-block-list\">\n<li><strong>Circle Of Hands im Alten E-Werk Nierstein am 06.04.2019<\/strong><\/li>\n<\/ul>\n\n\n<div class=\"wp-block-image\">\n<figure class=\"aligncenter\"><img loading=\"lazy\" decoding=\"async\" width=\"1024\" height=\"683\" src=\"https:\/\/www.circle-of-hands.de\/wp-content\/uploads\/2019\/04\/N01-1024x683.jpg\" alt=\"\" class=\"wp-image-82270\" srcset=\"https:\/\/www.circle-of-hands.de\/wp-content\/uploads\/2019\/04\/N01-1024x683.jpg 1024w, https:\/\/www.circle-of-hands.de\/wp-content\/uploads\/2019\/04\/N01-300x200.jpg 300w, https:\/\/www.circle-of-hands.de\/wp-content\/uploads\/2019\/04\/N01-768x512.jpg 768w\" sizes=\"auto, (max-width: 1024px) 100vw, 1024px\" \/><\/figure>\n<\/div>\n\n\n<p><\/p>\n\n\n\n<h2 class=\"wp-block-heading\">Wir freuen uns \u00fcber unser neues Mitglied im Kreis der H\u00e4nde\/Circle Of Hands, Stefan Lange am Bass.<\/h2>\n\n\n\n<p><\/p>\n\n\n\n<p>Nachdem unser bisheriger Basser den Brexit vollzog, hat Stefan dessen Platz \u00fcbernommen und erarbeitet sich in einem sagenhaften Tempo das Programm von Circle Of Hands.<\/p>\n\n\n\n<p>Stefan ist Gr\u00fcndungsmitglied der Karlsruher Band Trigon, die 1989 von ihm und seinem Bruder Rainer Lange ins Leben gerufen wurde. 1990 wurde ihre erste CD \u201eNova\u201c eingespielt und ver\u00f6ffentlicht. 2000 wurde die zweite Studio-CD \u201eBeschr\u00e4nkte Haftung\u201c eingespielt. Nach weiteren Studio- und Live-CDs und vielen Auftritten, auch international bis nach Mexico, wurde dieses Jahr (2018) ihre aktuelle CD \u201e30 Jahre Traumzeit\u201c ver\u00f6ffentlicht. Ein guter \u00dcberblick \u00fcber das Leben und Schaffen von Trigon ist auch im Stadtwiki Karlsruhe <a href=\"http:\/\/ka.stadtwiki.net\/Trigon\">http:\/\/ka.stadtwiki.net\/Trigon<\/a> und auf deren Website <a href=\"http:\/\/www.trigon.in\">http:\/\/www.trigon.in<\/a> zu finden.<br>Der aktuelle Schlagzeuger ist seit 2003 Tihomir Lozanovski (Gr\u00fcndungsmitglied von Circle Of Hands). Timi sa\u00df bis 2004 bei uns am Schlagzeug und ist der Band immer noch treu und ein lieber Freund.<\/p>\n\n\n\n<p><\/p>\n\n\n\n<h2 class=\"wp-block-heading\">Neue Termine f\u00fcr 2019 online!!<\/h2>\n\n\n\n<p>Stefan&#8217;s Motto: Wer einsteckt mu\u00df auch austeilen k\u00f6nnen \ud83d\ude09<\/p>\n\n\n\n<h2 class=\"wp-block-heading\">&nbsp;<\/h2>\n\n\n\n<p class=\"has-text-align-center\"><strong>06.04.2019<\/strong> Circle of Hands, Altes E-WerkNierstein, <span class=\"LrzXr\">Pestalozzipl. 1, 55283 Nierstein<\/span><\/p>\n\n\n\n<p class=\"has-text-align-center\"><span class=\"_Xbe\"><strong>04.05.2019<\/strong> Circle of Hands fed. <strong>Paul Newton<\/strong> (ex. Uriah Heep), Musikpark Homburg, Entenm\u00fchlstra\u00dfe 53, 66424 Homburg<\/span><\/p>\n\n\n\n<p class=\"has-text-align-center\"><strong>19.10.2019<\/strong> Circle of Hands, <strong>Dudelsack<\/strong> Bad Kreuznach, R\u00fcdesheimer Stra\u00dfe 44 Bad Kreuznach<\/p>\n\n\n\n<p><\/p>\n\n\n<div class=\"wp-block-image\">\n<figure class=\"aligncenter\"><img loading=\"lazy\" decoding=\"async\" width=\"758\" height=\"849\" src=\"https:\/\/www.circle-of-hands.de\/wp-content\/uploads\/2013\/11\/neue-Bingener-Zeitung.jpg\" alt=\"neue-bingener-zeitung\" class=\"wp-image-2113\" srcset=\"https:\/\/www.circle-of-hands.de\/wp-content\/uploads\/2013\/11\/neue-Bingener-Zeitung.jpg 758w, https:\/\/www.circle-of-hands.de\/wp-content\/uploads\/2013\/11\/neue-Bingener-Zeitung-268x300.jpg 268w\" sizes=\"auto, (max-width: 758px) 100vw, 758px\" \/><\/figure>\n<\/div>\n\n\n<p><\/p>\n\n\n\n<h5 class=\"wp-block-heading\"><a href=\"http:\/\/neue-binger-zeitung.de\/kultur\/kultur-detail\/news\/authentisch-und-kraftvoll\/\">http:\/\/neue-binger-zeitung.de\/kultur\/kultur-detail\/news\/authentisch-und-kraftvoll\/<\/a><\/h5>\n\n\n\n<h1 class=\"wp-block-heading\">Bericht BNN &amp; BT Klag-Gaggenau 05.11.15<\/h1>\n\n\n\n<p>Quelle: BNN 07.11.2015<\/p>\n\n\n\n<p><a href=\"https:\/\/www.circle-of-hands.de\/wp-content\/uploads\/2015\/11\/2015-11-05-Circle-of-Hands-BNN.pdf\">2015-11-05 Circle of Hands BNN<\/a><\/p>\n\n\n\n<p>Quelle: BT 09.11.2015<\/p>\n\n\n\n<p><a href=\"https:\/\/www.circle-of-hands.de\/wp-content\/uploads\/2015\/10\/2015-11-05-Circle-of-Hands-BT.pdf\" target=\"_blank\" rel=\"noopener noreferrer\">2015-11-05 Circle of Hands BT<\/a><\/p>\n\n\n\n<h3 class=\"wp-block-heading\"><strong><span style=\"text-decoration: underline;\">OH CD &amp; Shirts<\/span><br><\/strong><\/h3>\n\n\n\n<p><!-- [if gte mso 9]><xml>\n<w:LatentStyles DefLockedState=\"false\" LatentStyleCount=\"156\">\n<\/w:LatentStyles>\n<\/xml><![endif]--><!-- [if gte mso 10]>\n\n\n\n\n\n\n\n\n\n\n\n\n\n\n\n\n\n\n\n\n\n\n\n\n\n\n\n\n\n\n\n\n\n\n\n\n\n\n\n<style>\n \/* Style Definitions *\/<br \/>table.MsoNormalTable<br \/>{mso-style-name:\"Normale Tabelle\";<br \/>mso-tstyle-rowband-size:0;<br \/>mso-tstyle-colband-size:0;<br \/>mso-style-noshow:yes;<br \/>mso-style-parent:\"\";<br \/>mso-padding-alt:0cm 5.4pt 0cm 5.4pt;<br \/>mso-para-margin:0cm;<br \/>mso-para-margin-bottom:.0001pt;<br \/>mso-pagination:widow-orphan;<br \/>font-size:10.0pt;<br \/>font-family:\"Times New Roman\";<br \/>mso-ansi-language:#0400;<br \/>mso-fareast-language:#0400;<br \/>mso-bidi-language:#0400;}<br \/><\/style>\n\n\n\n\n\n\n\n\n\n\n\n\n\n\n\n\n\n\n\n\n\n\n\n\n\n\n\n\n\n\n\n\n\n\n\n\n\n<![endif]--><strong><span style=\"font-size: 12pt; font-family: Verdana;\">Hier kann wieder unsere CD \u201cLegacy of Fantasy\u201d zum Preis von 15 \u20ac zzgl. 2 \u20ac Versand bestellt werden. Einfach unten eintragen und ihr bekommt eine Mail von uns, wie ihr die CD bezahlen k\u00f6nnt.<\/span><\/strong><\/p>\n\n\n<div class=\"wp-block-image\">\n<figure class=\"alignleft\"><a href=\"https:\/\/www.circle-of-hands.de\/wp-content\/uploads\/2013\/11\/CD_02_159x156.jpg\"><img loading=\"lazy\" decoding=\"async\" width=\"159\" height=\"156\" src=\"https:\/\/www.circle-of-hands.de\/wp-content\/uploads\/2013\/11\/CD_02_159x156.jpg\" alt=\"CD_02_159x156\" class=\"wp-image-240\"\/><\/a><\/figure>\n<\/div>\n\n\n<p><\/p>\n\n\n\n<p><\/p>\n\n\n\n<p><\/p>\n\n\n\n<p><\/p>\n\n\n\n<p class=\"MsoNormal\"><strong><span style=\"font-size: 12pt; font-family: Verdana;\">Neu: T-Shirts und Buttons. Diese k\u00f6nnt ihr auch bei unseren Konzerten erhalten.<\/span><\/strong><\/p>\n\n\n<div class=\"wp-block-image\">\n<figure class=\"alignleft\"><a href=\"https:\/\/www.circle-of-hands.de\/wp-content\/uploads\/2014\/03\/COH-Shirt.png\"><img loading=\"lazy\" decoding=\"async\" width=\"280\" height=\"280\" src=\"https:\/\/www.circle-of-hands.de\/wp-content\/uploads\/2014\/03\/COH-Shirt.png\" alt=\"COH Shirt\" class=\"wp-image-946\" srcset=\"https:\/\/www.circle-of-hands.de\/wp-content\/uploads\/2014\/03\/COH-Shirt.png 280w, https:\/\/www.circle-of-hands.de\/wp-content\/uploads\/2014\/03\/COH-Shirt-150x150.png 150w, https:\/\/www.circle-of-hands.de\/wp-content\/uploads\/2014\/03\/COH-Shirt-144x144.png 144w\" sizes=\"auto, (max-width: 280px) 100vw, 280px\" \/><\/a><\/figure>\n<\/div>\n\n\n<p>&nbsp;<\/p>\n\n\n\n<p><\/p>\n\n\n<p>[contact-form to=&#8217;reiner@circle-of-hands.de&#8216; subject=&#8217;Circle News&#8216;][contact-field label=&#8217;Name&#8216; type=&#8217;name&#8216; required=&#8217;1&#8217;\/][contact-field label=&#8217;E-Mail&#8216; type=&#8217;email&#8216; required=&#8217;1&#8217;\/][contact-field label=&#8217;Webseite&#8216; type=&#8217;url&#8217;\/][contact-field label=&#8217;Kommentar&#8216; type=&#8217;textarea&#8216; required=&#8217;1&#8217;\/][\/contact-form]<\/p>\n\n\n\n<p><\/p>\n\n\n\n<ul class=\"wp-block-list\">\n<li><\/li>\n<\/ul>\n\n\n\n<p><\/p>\n","protected":false},"excerpt":{"rendered":"<p>Rock am Friedensdenkmal Edenkoben 2022 Nach zwei Jahren Corona und nur einem Gig 2021 gibt es uns aber immer noch ;o) Edenkoben war mal wieder der Kracher, super Team, klasse Veranstalter und einen ganz gro\u00dfen Dank an &#8222;Andreas K\u00f6nig&#8220; an den Tasten f\u00fcr deine Unterst\u00fctzung! Circle Of Hands join the HeepVention 2020, Date: 22-23.5.2020 Date: [&hellip;]<\/p>\n","protected":false},"author":1,"featured_media":0,"parent":0,"menu_order":1,"comment_status":"open","ping_status":"closed","template":"","meta":{"footnotes":""},"class_list":["post-236","page","type-page","status-publish","hentry"],"_links":{"self":[{"href":"https:\/\/www.circle-of-hands.de\/index.php?rest_route=\/wp\/v2\/pages\/236","targetHints":{"allow":["GET"]}}],"collection":[{"href":"https:\/\/www.circle-of-hands.de\/index.php?rest_route=\/wp\/v2\/pages"}],"about":[{"href":"https:\/\/www.circle-of-hands.de\/index.php?rest_route=\/wp\/v2\/types\/page"}],"author":[{"embeddable":true,"href":"https:\/\/www.circle-of-hands.de\/index.php?rest_route=\/wp\/v2\/users\/1"}],"replies":[{"embeddable":true,"href":"https:\/\/www.circle-of-hands.de\/index.php?rest_route=%2Fwp%2Fv2%2Fcomments&post=236"}],"version-history":[{"count":96,"href":"https:\/\/www.circle-of-hands.de\/index.php?rest_route=\/wp\/v2\/pages\/236\/revisions"}],"predecessor-version":[{"id":85316,"href":"https:\/\/www.circle-of-hands.de\/index.php?rest_route=\/wp\/v2\/pages\/236\/revisions\/85316"}],"wp:attachment":[{"href":"https:\/\/www.circle-of-hands.de\/index.php?rest_route=%2Fwp%2Fv2%2Fmedia&parent=236"}],"curies":[{"name":"wp","href":"https:\/\/api.w.org\/{rel}","templated":true}]}}