{"id":102,"date":"2013-11-22T17:37:52","date_gmt":"2013-11-22T16:37:52","guid":{"rendered":"http:\/\/www.circle-of-hands.de\/?page_id=102"},"modified":"2024-07-16T17:56:24","modified_gmt":"2024-07-16T15:56:24","slug":"band-info","status":"publish","type":"page","link":"https:\/\/www.circle-of-hands.de\/?page_id=102","title":{"rendered":"Band-Info"},"content":{"rendered":"<p>Circle of Hands\u00a0\u00a0\u00a0\u00a0\u00a0\u00a0\u00a0\u00a0\u00a0\u00a0\u00a0\u00a0\u00a0\u00a0\u00a0\u00a0\u00a0\u00a0\u00a0\u00a0\u00a0\u00a0\u00a0\u00a0\u00a0\u00a0\u00a0\u00a0\u00a0\u00a0\u00a0\u00a0\u00a0\u00a0\u00a0\u00a0\u00a0\u00a0\u00a0\u00a0\u00a0\u00a0\u00a0\u00a0\u00a0\u00a0\u00a0\u00a0\u00a0\u00a0\u00a0\u00a0\u00a0\u00a0\u00a0\u00a0\u00a0\u00a0\u00a0\u00a0\u00a0\u00a0\u00a0\u00a0\u00a0\u00a0\u00a0\u00a0\u00a0\u00a0\u00a0\u00a0\u00a0\u00a0\u00a0\u00a0\u00a0\u00a0\u00a0\u00a0\u00a0\u00a0\u00a0\u00a0\u00a0\u00a0\u00a0\u00a0\u00a0\u00a0\u00a0\u00a0\u00a0\u00a0\u00a0\u00a0\u00a0\u00a0\u00a0\u00a0\u00a0 Read this Band-Info in:\u00a0\u00a0 <a title=\"Band-Info \u201cenglisch\u201d\" href=\"https:\/\/www.circle-of-hands.de\/?page_id=345\"><img loading=\"lazy\" decoding=\"async\" class=\"size-full wp-image-354 alignnone\" src=\"https:\/\/www.circle-of-hands.de\/wp-content\/uploads\/2013\/12\/UK.jpg\" alt=\"UK\" width=\"19\" height=\"14\" \/> \u00a0 \u00a0 \u00a0 <\/a><a title=\"Band-Info \u201cfranz\u00f6sisch\u201d\" href=\"https:\/\/www.circle-of-hands.de\/?page_id=347\"><img loading=\"lazy\" decoding=\"async\" class=\"size-full wp-image-352 alignnone\" src=\"https:\/\/www.circle-of-hands.de\/wp-content\/uploads\/2013\/12\/flagge-frankreich1.jpg\" alt=\"flagge-frankreich1\" width=\"25\" height=\"14\" \/>\u00a0\u00a0\u00a0\u00a0\u00a0 <\/a><a title=\"Band-Info \u201cspanisch\u201d\" href=\"https:\/\/www.circle-of-hands.de\/?page_id=349\"><img loading=\"lazy\" decoding=\"async\" class=\"size-thumbnail wp-image-387 alignnone\" src=\"https:\/\/www.circle-of-hands.de\/wp-content\/uploads\/2013\/11\/spain-150x150.jpg\" alt=\"spain\" width=\"19\" height=\"19\" srcset=\"https:\/\/www.circle-of-hands.de\/wp-content\/uploads\/2013\/11\/spain-150x150.jpg 150w, https:\/\/www.circle-of-hands.de\/wp-content\/uploads\/2013\/11\/spain-300x300.jpg 300w, https:\/\/www.circle-of-hands.de\/wp-content\/uploads\/2013\/11\/spain.jpg 320w\" sizes=\"auto, (max-width: 19px) 100vw, 19px\" \/><\/a><\/p>\n<div>\n<div style=\"text-align: justify;\">&#8222;A Tribut To The Golden Years of Uriah Heep&#8220;<\/div>\n<div style=\"text-align: justify;\"><\/div>\n<div>\n<div style=\"text-align: justify;\"><\/div>\n<div id=\"id_528f673b677358d37818064\" style=\"text-align: justify;\">Seit nunmehr 25 Jahren gibt es f\u00fcr die Fans der 1970 gegr\u00fcndeten britischen Rockband URIAH HEEP, die weltweit fast 40 Millionen Alben verkauft hat, eine echte Alternative. W\u00e4hrend die Altrocker um den Gitarristen MICK BOX mit modernisiertem Sound und gegl\u00e4tteten Arrangements noch heute um die Welt touren, erm\u00f6glichen es CIRCLE OF HANDS, den Spirit der 70er nachzuvollziehen und die Kompositionen von KEN HENSLEY (Lady In Black, Free Me, Easy Livin\u2019 usw.) in ihrer Urform zu erleben.<\/div>\n<div style=\"text-align: justify;\"><a href=\"https:\/\/www.circle-of-hands.de\/wp-content\/uploads\/2013\/11\/IMG_0375.jpg\"><img loading=\"lazy\" decoding=\"async\" class=\"alignright size-thumbnail wp-image-189\" src=\"https:\/\/www.circle-of-hands.de\/wp-content\/uploads\/2013\/11\/IMG_0375-150x150.jpg\" alt=\"IMG_0375\" width=\"150\" height=\"150\" \/><\/a><\/div>\n<div style=\"text-align: justify;\"><\/div>\n<div style=\"text-align: justify;\"><\/div>\n<div style=\"text-align: justify;\">Dar\u00fcber hinaus wagen sich CIRCLE OF HANDS an Werke, welche die Originale noch nie oder seit Jahrzehnten nicht mehr auf die B\u00fchne gebracht haben. URIAH HEEP wissen die Verdienste der Badener durchaus zu sch\u00e4tzen. So spielten CIRCLE OF HANDS bereits in der Londoner Bush Hall im Vorprogramm von URIAH HEEP. Gemeinsame Konzerte mit ehemaligen Mitgliedern der legend\u00e4ren URIAH HEEP (KEN HENSLEY, JOHN LAWTON, LEE KERSLAKE, PAUL NEWTON) so z.B. bei drei Gigs in Finnland, im spanischen Granada auf der Heepvention, mehrfach auf dem legend\u00e4ren holl\u00e4ndischen Sheepmarket in Langbroek, begeisterten in den letzten Jahren das Publikum.<\/div>\n<div style=\"text-align: justify;\"><\/div>\n<div style=\"text-align: justify;\"><a href=\"https:\/\/www.circle-of-hands.de\/wp-content\/uploads\/2014\/01\/coh_heidelberg_2013_11.jpg\"><img loading=\"lazy\" decoding=\"async\" class=\"alignleft size-thumbnail wp-image-660\" src=\"https:\/\/www.circle-of-hands.de\/wp-content\/uploads\/2014\/01\/coh_heidelberg_2013_11-150x150.jpg\" alt=\"coh_heidelberg_2013_11\" width=\"150\" height=\"150\" srcset=\"https:\/\/www.circle-of-hands.de\/wp-content\/uploads\/2014\/01\/coh_heidelberg_2013_11-150x150.jpg 150w, https:\/\/www.circle-of-hands.de\/wp-content\/uploads\/2014\/01\/coh_heidelberg_2013_11-144x144.jpg 144w\" sizes=\"auto, (max-width: 150px) 100vw, 150px\" \/><\/a><\/div>\n<div style=\"text-align: justify;\"><\/div>\n<div style=\"text-align: justify;\"><\/div>\n<div style=\"text-align: justify;\">\n<div>\n<p>Ihren \u201eh\u00f6chsten\u201c Gig absolvierten CIRCLE OF HANDS, als sie als eine der ersten Bands im Rockmuseum im M\u00fcnchener Olympiaturm ein umjubeltes Konzert gaben. Von URIAH HEEP-Mastermind und Keyboardlegende KEN HENSLEY wurden CIRCLE OF HANDS immer wieder f\u00fcr mehrere Auftritte als \u00e4u\u00dferst kompetente Begleitband gebucht.<\/p>\n<p><a href=\"https:\/\/www.circle-of-hands.de\/wp-content\/uploads\/2013\/11\/Edenkoben-21.jpg\"><img loading=\"lazy\" decoding=\"async\" class=\"alignright size-thumbnail wp-image-176\" src=\"https:\/\/www.circle-of-hands.de\/wp-content\/uploads\/2013\/11\/Edenkoben-21-150x150.jpg\" alt=\"Edenkoben-21\" width=\"150\" height=\"150\" \/><\/a><\/p>\n<\/div>\n<\/div>\n<\/div>\n<\/div>\n<div style=\"text-align: justify;\">Unvergessen ihre gemeinsamen Auftritte u.a. auf der Waldb\u00fchne in Homburg oder auf dem Festival \u201eRock im Reis\u201c in Kelkheim (Taunus). Doch auch ohne prominente Unterst\u00fctzung ist der Besuch eines CIRCLE OF HANDS-Konzerts eine dreist\u00fcndige Zeitreise, die Classicrock-Liebhaber noch lange in Erinnerung behalten werden, wie z.B. auf dem legend\u00e4ren Frankenberger Open Air in Aachen vor 2.000 Fans oder in Luzern in der Schweiz. F\u00fcr die Clubs haben die Jungs denn auch ein attraktives Unplugged-Programm zusammengestellt und einstudiert, welches eindrucksvoll beweist, dass die Musik von URIAH HEEP durchaus nicht nur laut funktioniert. Ansonsten ist freilich mit Dezibel zu rechnen.<\/div>\n<div style=\"text-align: justify;\"><\/div>\n<div style=\"text-align: justify;\">Nicht nur f\u00fcr URIAH HEEP-Fans ist es eine Vollbedienung, wenn Hammond und Leslie um die Wette kreischen, fette Gitarrenriffs und singende Soli sich abwechseln, Bass und Drums den Druck eines \u00fcberdimensionalen F\u00f6ns erzeugen und dar\u00fcber ein Gesang liegt, der \u00fcberzeugend an den Ausnahmes\u00e4nger DAVID BYRON erinnert.<\/div>\n<div style=\"text-align: justify;\">Da wundert es nicht, dass die deutsche Krautrocklegende JANE sich die Stimmqualit\u00e4t von CIRCLE OF HANDS S\u00e4nger TORSTEN ILG sicherte, zusammen zahlreiche Auftritte absolvierte und eine CD sowie eine Live DVD aufgenommen hat. CIRCLE OF HANDS klingen genau so wie URIAH HEEP in ihrer fr\u00fchen Phase, der sie ihren Weltruhm verdanken und in der sie jede Scheibe, die sie ver\u00f6ffentlichten, prompt vergoldet bekamen. Sie k\u00fcmmern sich mit endloser Hingabe und gro\u00dfem Erfolg um das einmalige URIAH HEEP Verm\u00e4chtnis.<\/div>\n<div style=\"text-align: justify;\"><a href=\"https:\/\/www.circle-of-hands.de\/wp-content\/uploads\/2013\/11\/IMG_6081.jpg\"><img loading=\"lazy\" decoding=\"async\" class=\"alignright size-thumbnail wp-image-207\" src=\"https:\/\/www.circle-of-hands.de\/wp-content\/uploads\/2013\/11\/IMG_6081-150x150.jpg\" alt=\"IMG_6081\" width=\"150\" height=\"150\" \/><\/a><\/div>\n<div style=\"text-align: justify;\"><\/div>\n<div style=\"text-align: justify;\">Das englische \u201eClassic Rock Magazin\u201c hat CIRCLE OF HANDS bereits als \u201eWorld\u00b4s leading Heep-Tributeband\u201c geadelt. Es bewahrheitet sich auch die Analyse des HEEP-Biographen Uwe Reuters, die Band habe \u201edas legitime musikalische Erbe der Herren BYRON, THAIN, KERSLAKE, HENSLEY und BOX angetreten\u201c, sei \u201eUriah Heep \u2013 The next generation\u201c. Mit der CD \u201eLegacy of Fantasy\u201c (mit Gasts\u00e4nger JOHN LAWTON) existiert ein eindrucksvolles Tondokument, zu beziehen \u00fcber die Homepage.<\/div>\n<div>\n<div><\/div>\n<div>Interessen der Band<\/div>\n<div>Freude an der Musik!<\/div>\n<div><\/div>\n<div><\/div>\n<div><\/div>\n<p><strong>CIRCLE OF HANDS &#8211; Aktuelles Line up:<br \/>\n<\/strong><\/p>\n<ul>\n<li><strong>Reiner Nold &#8211; Guitars<\/strong><\/li>\n<li><strong>Torsten Ilg- Vocals<\/strong><\/li>\n<li><strong>Manny Deffert &#8211; Keyboards<\/strong><\/li>\n<li><strong>Klaus Leppert &#8211; Drums<\/strong><\/li>\n<li><strong>Stefan Lange &#8211; Bass<\/strong><\/li>\n<\/ul>\n<h2 style=\"text-align: center;\"><strong>Feedback<\/strong> <a title=\"Feedback\" href=\"https:\/\/www.circle-of-hands.de\/?page_id=412\"><img loading=\"lazy\" decoding=\"async\" class=\"size-thumbnail wp-image-27 aligncenter\" src=\"https:\/\/www.circle-of-hands.de\/wp-content\/uploads\/2013\/11\/Plakat-neu-150x150.jpg\" alt=\"Plakat neu\" width=\"150\" height=\"150\" \/><\/a><\/h2>\n<\/div>\n","protected":false},"excerpt":{"rendered":"<p>Circle of Hands\u00a0\u00a0\u00a0\u00a0\u00a0\u00a0\u00a0\u00a0\u00a0\u00a0\u00a0\u00a0\u00a0\u00a0\u00a0\u00a0\u00a0\u00a0\u00a0\u00a0\u00a0\u00a0\u00a0\u00a0\u00a0\u00a0\u00a0\u00a0\u00a0\u00a0\u00a0\u00a0\u00a0\u00a0\u00a0\u00a0\u00a0\u00a0\u00a0\u00a0\u00a0\u00a0\u00a0\u00a0\u00a0\u00a0\u00a0\u00a0\u00a0\u00a0\u00a0\u00a0\u00a0\u00a0\u00a0\u00a0\u00a0\u00a0\u00a0\u00a0\u00a0\u00a0\u00a0\u00a0\u00a0\u00a0\u00a0\u00a0\u00a0\u00a0\u00a0\u00a0\u00a0\u00a0\u00a0\u00a0\u00a0\u00a0\u00a0\u00a0\u00a0\u00a0\u00a0\u00a0\u00a0\u00a0\u00a0\u00a0\u00a0\u00a0\u00a0\u00a0\u00a0\u00a0\u00a0\u00a0\u00a0\u00a0\u00a0\u00a0\u00a0 Read this Band-Info in:\u00a0\u00a0 \u00a0 \u00a0 \u00a0 \u00a0\u00a0\u00a0\u00a0\u00a0 &#8222;A Tribut To The Golden Years of Uriah Heep&#8220; Seit nunmehr 25 Jahren gibt es f\u00fcr die Fans der 1970 gegr\u00fcndeten britischen Rockband URIAH HEEP, die weltweit fast 40 Millionen Alben verkauft hat, eine echte Alternative. W\u00e4hrend die Altrocker um den Gitarristen MICK BOX [&hellip;]<\/p>\n","protected":false},"author":1,"featured_media":0,"parent":0,"menu_order":4,"comment_status":"open","ping_status":"closed","template":"","meta":{"footnotes":""},"class_list":["post-102","page","type-page","status-publish","hentry"],"_links":{"self":[{"href":"https:\/\/www.circle-of-hands.de\/index.php?rest_route=\/wp\/v2\/pages\/102","targetHints":{"allow":["GET"]}}],"collection":[{"href":"https:\/\/www.circle-of-hands.de\/index.php?rest_route=\/wp\/v2\/pages"}],"about":[{"href":"https:\/\/www.circle-of-hands.de\/index.php?rest_route=\/wp\/v2\/types\/page"}],"author":[{"embeddable":true,"href":"https:\/\/www.circle-of-hands.de\/index.php?rest_route=\/wp\/v2\/users\/1"}],"replies":[{"embeddable":true,"href":"https:\/\/www.circle-of-hands.de\/index.php?rest_route=%2Fwp%2Fv2%2Fcomments&post=102"}],"version-history":[{"count":72,"href":"https:\/\/www.circle-of-hands.de\/index.php?rest_route=\/wp\/v2\/pages\/102\/revisions"}],"predecessor-version":[{"id":85243,"href":"https:\/\/www.circle-of-hands.de\/index.php?rest_route=\/wp\/v2\/pages\/102\/revisions\/85243"}],"wp:attachment":[{"href":"https:\/\/www.circle-of-hands.de\/index.php?rest_route=%2Fwp%2Fv2%2Fmedia&parent=102"}],"curies":[{"name":"wp","href":"https:\/\/api.w.org\/{rel}","templated":true}]}}